{"id":20,"date":"2011-06-22T18:03:19","date_gmt":"2011-06-23T01:03:19","guid":{"rendered":"http:\/\/www.amicaledessommeliers.com\/wordpressOU\/?page_id=20"},"modified":"2018-11-22T15:42:56","modified_gmt":"2018-11-22T22:42:56","slug":"description-de-lasq","status":"publish","type":"page","link":"https:\/\/amicaledessommeliers.com\/Coeurduquebec\/qui-sommes-nous\/description-de-lasq\/","title":{"rendered":"Description de l&rsquo;Amicale des Sommeliers du Qu\u00e9bec"},"content":{"rendered":"<h5>Pr\u00e9sentation de l&rsquo;Amicale des Sommeliers du Qu\u00e9bec<\/h5>\n<p>L\u2019Amicale des Sommeliers du Qu\u00e9bec, c\u2019est avant tout une association \u00e0 but non lucratif regroupant pr\u00e8s de huit cents (800) membres amoureux du vin \u00e0 travers le Qu\u00e9bec. Ceux-ci se r\u00e9partissent dans un \u00e9ventail allant du simple n\u00e9ophyte amateur \u00e0 l\u2019 \u0153nophile le plus chevronn\u00e9.<\/p>\n<h5>Qu\u2019est-ce que l\u2019Amicale<\/h5>\n<p>La mission de l\u2019Amicale est de propager l\u2019amour et la connaissance du vin. Pour ce faire, nous organisons des d\u00e9gustations de vins et des repas gastronomiques, donnons des cours sur la connaissance des vins et offrons des ateliers sur l\u2019accord des mets et des vins. ? Notre association regroupe quatre\u00a0sections r\u00e9gionales : la section C\u0153ur-du-Qu\u00e9bec, la section de Montr\u00e9al m\u00e9tropolitain, la section Outaouais et la section de Qu\u00e9bec.<\/p>\n<h5>Qui peut devenir membre de l\u2019amicale<\/h5>\n<p>Toute personne qui partage le go\u00fbt du vin et qui aimerait participer \u00e0 nos activit\u00e9s \u0153nophiles avec ses amis ou pour rencontrer de nouveaux amis. (Adulte \u2013 18 ans et plus)<\/p>\n<h5>Quels sont les avantages d\u2019\u00eatre membre<\/h5>\n<p>Les membres ont un acc\u00e8s direct, \u00e0 un co\u00fbt privil\u00e9gi\u00e9 par rapport au public, \u00e0 toutes les activit\u00e9s de l\u2019Amicale. Selon les sections, nous offrons :<\/p>\n<ul>\n<li>D\u00e9gustations de vins r\u00e9gionaux accompagn\u00e9s de sp\u00e9cialit\u00e9s culinaires<\/li>\n<li>D\u00e9gustations techniques de vins vieux et rares<\/li>\n<li>Rencontres avec des producteurs<\/li>\n<li>Repas gastronomiques<\/li>\n<li>Ateliers accord mets et vins<\/li>\n<li>Concours \u0153nophiles<\/li>\n<\/ul>\n<p>&nbsp;<\/p>\n","protected":false},"excerpt":{"rendered":"<p>Pr\u00e9sentation de l&rsquo;Amicale des Sommeliers du Qu\u00e9bec L\u2019Amicale des Sommeliers du Qu\u00e9bec, c\u2019est avant tout une association \u00e0 but non lucratif regroupant pr\u00e8s de huit cents (800) membres amoureux du vin \u00e0 travers le Qu\u00e9bec. Ceux-ci se r\u00e9partissent dans un \u00e9ventail allant du simple n\u00e9ophyte amateur \u00e0 l\u2019 \u0153nophile le plus chevronn\u00e9. Qu\u2019est-ce que l\u2019Amicale La mission de l\u2019Amicale est de propager l\u2019amour et la connaissance du vin. Pour ce<\/p>\n<p><a class=\"more-link\" href=\"https:\/\/amicaledessommeliers.com\/Coeurduquebec\/qui-sommes-nous\/description-de-lasq\/\">Lire la suite&#8230;<\/a><\/p>\n","protected":false},"author":3,"featured_media":0,"parent":4,"menu_order":2,"comment_status":"open","ping_status":"open","template":"","meta":[],"_links":{"self":[{"href":"https:\/\/amicaledessommeliers.com\/Coeurduquebec\/wp-json\/wp\/v2\/pages\/20"}],"collection":[{"href":"https:\/\/amicaledessommeliers.com\/Coeurduquebec\/wp-json\/wp\/v2\/pages"}],"about":[{"href":"https:\/\/amicaledessommeliers.com\/Coeurduquebec\/wp-json\/wp\/v2\/types\/page"}],"author":[{"embeddable":true,"href":"https:\/\/amicaledessommeliers.com\/Coeurduquebec\/wp-json\/wp\/v2\/users\/3"}],"replies":[{"embeddable":true,"href":"https:\/\/amicaledessommeliers.com\/Coeurduquebec\/wp-json\/wp\/v2\/comments?post=20"}],"version-history":[{"count":5,"href":"https:\/\/amicaledessommeliers.com\/Coeurduquebec\/wp-json\/wp\/v2\/pages\/20\/revisions"}],"predecessor-version":[{"id":3947,"href":"https:\/\/amicaledessommeliers.com\/Coeurduquebec\/wp-json\/wp\/v2\/pages\/20\/revisions\/3947"}],"up":[{"embeddable":true,"href":"https:\/\/amicaledessommeliers.com\/Coeurduquebec\/wp-json\/wp\/v2\/pages\/4"}],"wp:attachment":[{"href":"https:\/\/amicaledessommeliers.com\/Coeurduquebec\/wp-json\/wp\/v2\/media?parent=20"}],"curies":[{"name":"wp","href":"https:\/\/api.w.org\/{rel}","templated":true}]}}