{"id":3790,"date":"2018-11-16T12:13:02","date_gmt":"2018-11-16T19:13:02","guid":{"rendered":"https:\/\/www.amicaledessommeliers.com\/Outaouais\/?page_id=3790"},"modified":"2025-10-11T04:29:17","modified_gmt":"2025-10-11T11:29:17","slug":"page-events","status":"publish","type":"page","link":"https:\/\/amicaledessommeliers.com\/Quebec\/","title":{"rendered":"Section Qu\u00e9bec \/ Activit\u00e9s \u00e0 venir en 2025\/2026 &#8230;"},"content":{"rendered":"\n<h1 style=\"font-style:italic;font-weight:600\">Calendrier 2025 &#8211; 2026<\/h1>\n\n\n\n<p>Souper La Girolle &#8211; Vins de bordeaux rouges class\u00e9s jeunes et vieux &#8211; 5 novembre 2025<br>Les grandes r\u00e9gions d\u2019Italie\u202f: Toscane, Pi\u00e9mont, V\u00e9n\u00e9tie, Sicile &#8211; 3 d\u00e9cembre 2025<br>La syrah, un grand c\u00e9page \u00e0 d\u00e9couvrir &#8211; 18 f\u00e9vrier 2026<br>Les vins d\u2019Espagne, du nord au sud &#8211; 15 avril 2026<br>AGA th\u00e8me \u00e0 venir &#8211; 30 mai 2026<\/p>\n","protected":false},"excerpt":{"rendered":"<p>Calendrier 2025 &#8211; 2026 Souper La Girolle &#8211; Vins de bordeaux rouges class\u00e9s jeunes et vieux &#8211; 5 novembre 2025Les grandes r\u00e9gions d\u2019Italie\u202f: Toscane, Pi\u00e9mont, V\u00e9n\u00e9tie, Sicile &#8211; 3 d\u00e9cembre 2025La syrah, un grand c\u00e9page \u00e0 d\u00e9couvrir &#8211; 18 f\u00e9vrier 2026Les vins d\u2019Espagne, du nord au sud &#8211; 15 avril 2026AGA th\u00e8me \u00e0 venir &#8211; 30 mai 2026<\/p>\n","protected":false},"author":3,"featured_media":4075,"parent":0,"menu_order":1,"comment_status":"closed","ping_status":"closed","template":"","meta":[],"_links":{"self":[{"href":"https:\/\/amicaledessommeliers.com\/Quebec\/wp-json\/wp\/v2\/pages\/3790"}],"collection":[{"href":"https:\/\/amicaledessommeliers.com\/Quebec\/wp-json\/wp\/v2\/pages"}],"about":[{"href":"https:\/\/amicaledessommeliers.com\/Quebec\/wp-json\/wp\/v2\/types\/page"}],"author":[{"embeddable":true,"href":"https:\/\/amicaledessommeliers.com\/Quebec\/wp-json\/wp\/v2\/users\/3"}],"replies":[{"embeddable":true,"href":"https:\/\/amicaledessommeliers.com\/Quebec\/wp-json\/wp\/v2\/comments?post=3790"}],"version-history":[{"count":66,"href":"https:\/\/amicaledessommeliers.com\/Quebec\/wp-json\/wp\/v2\/pages\/3790\/revisions"}],"predecessor-version":[{"id":5213,"href":"https:\/\/amicaledessommeliers.com\/Quebec\/wp-json\/wp\/v2\/pages\/3790\/revisions\/5213"}],"wp:featuredmedia":[{"embeddable":true,"href":"https:\/\/amicaledessommeliers.com\/Quebec\/wp-json\/wp\/v2\/media\/4075"}],"wp:attachment":[{"href":"https:\/\/amicaledessommeliers.com\/Quebec\/wp-json\/wp\/v2\/media?parent=3790"}],"curies":[{"name":"wp","href":"https:\/\/api.w.org\/{rel}","templated":true}]}}